{"id":43,"date":"2021-11-30T06:26:15","date_gmt":"2021-11-30T06:26:15","guid":{"rendered":"https:\/\/elpollitorestaurante.es\/?page_id=43"},"modified":"2022-01-28T10:25:30","modified_gmt":"2022-01-28T10:25:30","slug":"politica-de-privacidad","status":"publish","type":"page","link":"https:\/\/www.elpollitorestaurante.es\/index.php\/politica-de-privacidad\/","title":{"rendered":"Pol\u00edtica de Privacidad"},"content":{"rendered":"<h2><span style=\"color: #333333;\">Pol\u00edtica de Privacidad<\/span><\/h2>\n<p><span style=\"color: #333333;\">Conforme a lo dispuesto en el Real Decreto 1720\/2007, de 21 de diciembre, por el que se aprueba el Reglamento de desarrollo de la Ley Org\u00e1nica 15\/1999, de 13 de diciembre, de protecci\u00f3n de datos de car\u00e1cter personal, las establecidas en el \u00a0REGLAMENTO (UE) 2016\/679 DEL PARLAMENTO EUROPEO Y DEL CONSEJO de 27 de abril de 2016 relativo a la protecci\u00f3n de las personas f\u00edsicas en lo que respecta al tratamiento de datos personales y a la libre circulaci\u00f3n de estos datos, (RGPD) y en el Real Decreto 3\/2010 del Esquema Nacional de Seguridad.<\/span><\/p>\n<p><strong><span style=\"color: #333333;\">INFORMACI\u00d3N B\u00c1SICA DE PROTECCI\u00d3N DE DATOS\u00a0<\/span><\/strong><\/p>\n<table border=\"0\" width=\"565\" cellspacing=\"0\" cellpadding=\"2\" bgcolor=\"#ffffff\">\n<tbody>\n<tr>\n<td width=\"114\"><span style=\"color: #333333;\"><strong><span style=\"font-size: small;\"><b>Responsable<\/b><\/span><\/strong><\/span><\/td>\n<td width=\"443\"><span style=\"font-size: small; color: #333333;\">TASCA RESTAURANTE EL POLLITO<\/span><\/td>\n<\/tr>\n<tr>\n<td width=\"114\"><span style=\"color: #333333;\"><strong><span style=\"font-size: small;\"><b>Finalidad<\/b><\/span><\/strong><\/span><\/td>\n<td width=\"443\"><span style=\"font-size: small; color: #333333;\">Atender las solicitudes realizadas a trav\u00e9s de la web, gestionar el env\u00edo de informaci\u00f3n.<\/span><\/td>\n<\/tr>\n<tr>\n<td width=\"114\"><span style=\"color: #333333;\"><strong><span style=\"font-size: small;\"><b>Legitimaci\u00f3n<\/b><\/span><\/strong><\/span><\/td>\n<td width=\"443\"><span style=\"font-size: small; color: #333333;\">Consentimiento del interesado.<\/span><\/td>\n<\/tr>\n<tr>\n<td width=\"114\"><span style=\"color: #333333;\"><strong><span style=\"font-size: small;\"><b>Destinatarios<\/b><\/span><\/strong><\/span><\/td>\n<td width=\"443\"><span style=\"font-size: small; color: #333333;\">No se ceder\u00e1n datos a terceros salvo obligaci\u00f3n legal o en el supuesto que sea necesario para atender su solicitud.<\/span><\/td>\n<\/tr>\n<tr>\n<td width=\"114\"><span style=\"color: #333333;\"><strong><span style=\"font-size: small;\"><b>Derechos<\/b><\/span><\/strong><\/span><\/td>\n<td width=\"443\"><span style=\"font-size: small; color: #333333;\">Podr\u00e1 ejercer los derechos de acceso, rectificaci\u00f3n, supresi\u00f3n y oposici\u00f3n, limitaci\u00f3n del tratamiento, portabilidad de datos.<\/span><\/td>\n<\/tr>\n<\/tbody>\n<\/table>\n<p><strong><span style=\"color: #333333;\">\u00bfQUI\u00c9N VA A TRATAR MIS DATOS?<\/span><\/strong><br \/>\n<span style=\"color: #333333;\">El responsable del tratamiento de sus datos es TASCA RESTAURANTE EL POLLITO con\u00a0 direcci\u00f3n en C. La Asomadita, 17 \u2013 SC Tenerife<\/span><br \/>\n<span style=\"color: #333333;\">Tel: (+34) 922 613 932<\/span><br \/>\n<span style=\"color: #333333;\">Correo electr\u00f3nico: <a style=\"color: #666699;\" href=\"mailto:gerencia@elpollitorestaurante.es\">gerencia@elpollitorestaurante.es<\/a><\/span><\/p>\n<p><strong><span style=\"color: #333333;\">\u00bfCU\u00c1L ES LA FINALIDAD DEL TRATAMIENTO Y LA BASE LEGAL DEL MISMO?<\/span><\/strong><br \/>\n<span style=\"color: #666699;\">En TASCA RESTAURANTE EL POLLITO tratamos la informaci\u00f3n que nos facilitan las personas interesadas con el fin de gestionar sus solicitudes de informaci\u00f3n y\u00a0 cuando proceda gestionar el proceso de venta.<\/span><br \/>\n<span style=\"color: #333333;\">La base legal para el tratamiento de sus datos en ambos casos es el consentimiento que presta para las distintas finalidades, a trav\u00e9s de la aceptaci\u00f3n de los consentimientos que se le facilitan en nuestra web, de acuerdo con la pol\u00edtica de privacidad de TASCA RESTAURANTE EL POLLITO.<\/span><\/p>\n<p><strong><span style=\"color: #333333;\">\u00bfD\u00d3NDE SE ALMACENA SU INFORMACI\u00d3N?<\/span><\/strong><br \/>\n<span style=\"color: #333333;\">Nombre y direcci\u00f3n de la empresa gestora: TASCA RESTAURANTE EL POLLITO \u2013 C. La Asomadita, 17 \u2013 SC Tenerife<\/span><\/p>\n<p><strong><span style=\"color: #333333;\">\u00bfA QUI\u00c9N SE CEDER\u00c1N SUS DATOS?<\/span><\/strong><br \/>\n<span style=\"color: #333333;\">No se ceder\u00e1n datos a terceros salvo obligaci\u00f3n legal, o en el supuesto que fuera necesario para el cumplimiento directamente relacionado con su solicitud.<\/span><\/p>\n<p><strong><span style=\"color: #333333;\">\u00bfPOR CU\u00c1NTO TIEMPO CONSERVAREMOS SUS DATOS?<\/span><\/strong><br \/>\n<span style=\"color: #333333;\">Los datos personales proporcionados se conservar\u00e1n mientras se mantenga la relaci\u00f3n con esta empresa, y no se solicite su supresi\u00f3n por el interesado.<\/span><\/p>\n<p><strong><span style=\"color: #333333;\">\u00bfCU\u00c1LES SON SUS DERECHOS CUANDO NOS FACILITA SUS DATOS?\u00a0\u00bfY D\u00d3NDE DIRIGIRME PARA EJERCITAR MIS DERECHOS?<\/span><\/strong><br \/>\n<span style=\"color: #333333;\">Cualquier persona tiene derecho a obtener confirmaci\u00f3n sobre si en TASCA RESTAURANTE EL POLLITO estamos tratando datos personales que les conciernan, o no. Las personas interesadas tienen derecho a acceder a sus datos personales, as\u00ed como a solicitar la rectificaci\u00f3n de los datos inexactos o, en su caso, solicitar su supresi\u00f3n cuando, entre otros motivos, los datos ya no sean necesarios para los fines que fueron recogidos. En determinadas circunstancias, los interesados podr\u00e1n solicitar la limitaci\u00f3n del tratamiento de sus datos, en cuyo caso \u00fanicamente los conservaremos para el ejercicio o la defensa de reclamaciones.<\/span><br \/>\n<span style=\"color: #333333;\">En determinadas circunstancias y por motivos relacionados con su situaci\u00f3n particular, los interesados podr\u00e1n oponerse al tratamiento de sus datos y\u00a0TASCA RESTAURANTE EL POLLITO dejar\u00e1 de tratar los datos, salvo por motivos leg\u00edtimos imperiosos, o el ejercicio o la defensa de posibles reclamaciones. Para ejercer sus derechos deben enviar una comunicaci\u00f3n junto con su documento de identidad a: <a style=\"color: #666699;\" href=\"mailto:gerencia@elpollitorestaurante.es\">gerencia@elpollitorestaurante.es<\/a><\/span><\/p>\n<p><span style=\"color: #333333;\">El usuario podr\u00e1 revocar en cualquier momento el consentimiento prestado en la siguiente direcci\u00f3n de correo: <a style=\"color: #666699;\" href=\"mailto:gerencia@elpollitorestaurante.es\">gerencia@elpollitorestaurante.es<\/a><\/span><br \/>\n<span style=\"color: #333333;\">Asimismo se le informa de que los interesados tienen derecho a reclamar ante la Autoridad de Control, La Agencia Espa\u00f1ola de Protecci\u00f3n de Datos.<\/span><\/p>\n","protected":false},"excerpt":{"rendered":"<p>Pol\u00edtica de Privacidad Conforme a lo dispuesto en el Real Decreto 1720\/2007, de 21 de diciembre, por el que se aprueba el Reglamento de desarrollo de la Ley Org\u00e1nica 15\/1999, de 13 de diciembre, de protecci\u00f3n de datos de car\u00e1cter personal, las establecidas en el \u00a0REGLAMENTO (UE) 2016\/679 DEL PARLAMENTO EUROPEO Y DEL CONSEJO de&#8230;<a class=\"r_more_blog\" href=\"https:\/\/www.elpollitorestaurante.es\/index.php\/politica-de-privacidad\/#more-43\"> continue reading<\/a><\/p>\n","protected":false},"author":1,"featured_media":0,"parent":0,"menu_order":0,"comment_status":"closed","ping_status":"closed","template":"elementor_theme","meta":{"footnotes":""},"class_list":["post-43","page","type-page","status-publish","hentry"],"yoast_head":"<!-- This site is optimized with the Yoast SEO plugin v27.1.1 - https:\/\/yoast.com\/product\/yoast-seo-wordpress\/ -->\n<title>Pol\u00edtica de Privacidad - Rest El Pollito<\/title>\n<meta name=\"robots\" content=\"index, follow, max-snippet:-1, max-image-preview:large, max-video-preview:-1\" \/>\n<link rel=\"canonical\" href=\"https:\/\/www.elpollitorestaurante.es\/index.php\/politica-de-privacidad\/\" \/>\n<meta property=\"og:locale\" content=\"es_ES\" \/>\n<meta property=\"og:type\" content=\"article\" \/>\n<meta property=\"og:title\" content=\"Pol\u00edtica de Privacidad - Rest El Pollito\" \/>\n<meta property=\"og:description\" content=\"Pol\u00edtica de Privacidad Conforme a lo dispuesto en el Real Decreto 1720\/2007, de 21 de diciembre, por el que se aprueba el Reglamento de desarrollo de la Ley Org\u00e1nica 15\/1999, de 13 de diciembre, de protecci\u00f3n de datos de car\u00e1cter personal, las establecidas en el \u00a0REGLAMENTO (UE) 2016\/679 DEL PARLAMENTO EUROPEO Y DEL CONSEJO de... continue reading\" \/>\n<meta property=\"og:url\" content=\"https:\/\/www.elpollitorestaurante.es\/index.php\/politica-de-privacidad\/\" \/>\n<meta property=\"og:site_name\" content=\"Rest El Pollito\" \/>\n<meta property=\"article:modified_time\" content=\"2022-01-28T10:25:30+00:00\" \/>\n<meta name=\"twitter:card\" content=\"summary_large_image\" \/>\n<meta name=\"twitter:label1\" content=\"Tiempo de lectura\" \/>\n\t<meta name=\"twitter:data1\" content=\"3 minutos\" \/>\n<script type=\"application\/ld+json\" class=\"yoast-schema-graph\">{\"@context\":\"https:\/\/schema.org\",\"@graph\":[{\"@type\":\"WebPage\",\"@id\":\"https:\/\/www.elpollitorestaurante.es\/index.php\/politica-de-privacidad\/\",\"url\":\"https:\/\/www.elpollitorestaurante.es\/index.php\/politica-de-privacidad\/\",\"name\":\"Pol\u00edtica de Privacidad - Rest El Pollito\",\"isPartOf\":{\"@id\":\"https:\/\/www.elpollitorestaurante.es\/#website\"},\"datePublished\":\"2021-11-30T06:26:15+00:00\",\"dateModified\":\"2022-01-28T10:25:30+00:00\",\"breadcrumb\":{\"@id\":\"https:\/\/www.elpollitorestaurante.es\/index.php\/politica-de-privacidad\/#breadcrumb\"},\"inLanguage\":\"es\",\"potentialAction\":[{\"@type\":\"ReadAction\",\"target\":[\"https:\/\/www.elpollitorestaurante.es\/index.php\/politica-de-privacidad\/\"]}]},{\"@type\":\"BreadcrumbList\",\"@id\":\"https:\/\/www.elpollitorestaurante.es\/index.php\/politica-de-privacidad\/#breadcrumb\",\"itemListElement\":[{\"@type\":\"ListItem\",\"position\":1,\"name\":\"Portada\",\"item\":\"https:\/\/www.elpollitorestaurante.es\/\"},{\"@type\":\"ListItem\",\"position\":2,\"name\":\"Pol\u00edtica de Privacidad\"}]},{\"@type\":\"WebSite\",\"@id\":\"https:\/\/www.elpollitorestaurante.es\/#website\",\"url\":\"https:\/\/www.elpollitorestaurante.es\/\",\"name\":\"Rest El Pollito\",\"description\":\"Carta Digital\",\"potentialAction\":[{\"@type\":\"SearchAction\",\"target\":{\"@type\":\"EntryPoint\",\"urlTemplate\":\"https:\/\/www.elpollitorestaurante.es\/?s={search_term_string}\"},\"query-input\":{\"@type\":\"PropertyValueSpecification\",\"valueRequired\":true,\"valueName\":\"search_term_string\"}}],\"inLanguage\":\"es\"}]}<\/script>\n<!-- \/ Yoast SEO plugin. -->","yoast_head_json":{"title":"Pol\u00edtica de Privacidad - Rest El Pollito","robots":{"index":"index","follow":"follow","max-snippet":"max-snippet:-1","max-image-preview":"max-image-preview:large","max-video-preview":"max-video-preview:-1"},"canonical":"https:\/\/www.elpollitorestaurante.es\/index.php\/politica-de-privacidad\/","og_locale":"es_ES","og_type":"article","og_title":"Pol\u00edtica de Privacidad - Rest El Pollito","og_description":"Pol\u00edtica de Privacidad Conforme a lo dispuesto en el Real Decreto 1720\/2007, de 21 de diciembre, por el que se aprueba el Reglamento de desarrollo de la Ley Org\u00e1nica 15\/1999, de 13 de diciembre, de protecci\u00f3n de datos de car\u00e1cter personal, las establecidas en el \u00a0REGLAMENTO (UE) 2016\/679 DEL PARLAMENTO EUROPEO Y DEL CONSEJO de... continue reading","og_url":"https:\/\/www.elpollitorestaurante.es\/index.php\/politica-de-privacidad\/","og_site_name":"Rest El Pollito","article_modified_time":"2022-01-28T10:25:30+00:00","twitter_card":"summary_large_image","twitter_misc":{"Tiempo de lectura":"3 minutos"},"schema":{"@context":"https:\/\/schema.org","@graph":[{"@type":"WebPage","@id":"https:\/\/www.elpollitorestaurante.es\/index.php\/politica-de-privacidad\/","url":"https:\/\/www.elpollitorestaurante.es\/index.php\/politica-de-privacidad\/","name":"Pol\u00edtica de Privacidad - Rest El Pollito","isPartOf":{"@id":"https:\/\/www.elpollitorestaurante.es\/#website"},"datePublished":"2021-11-30T06:26:15+00:00","dateModified":"2022-01-28T10:25:30+00:00","breadcrumb":{"@id":"https:\/\/www.elpollitorestaurante.es\/index.php\/politica-de-privacidad\/#breadcrumb"},"inLanguage":"es","potentialAction":[{"@type":"ReadAction","target":["https:\/\/www.elpollitorestaurante.es\/index.php\/politica-de-privacidad\/"]}]},{"@type":"BreadcrumbList","@id":"https:\/\/www.elpollitorestaurante.es\/index.php\/politica-de-privacidad\/#breadcrumb","itemListElement":[{"@type":"ListItem","position":1,"name":"Portada","item":"https:\/\/www.elpollitorestaurante.es\/"},{"@type":"ListItem","position":2,"name":"Pol\u00edtica de Privacidad"}]},{"@type":"WebSite","@id":"https:\/\/www.elpollitorestaurante.es\/#website","url":"https:\/\/www.elpollitorestaurante.es\/","name":"Rest El Pollito","description":"Carta Digital","potentialAction":[{"@type":"SearchAction","target":{"@type":"EntryPoint","urlTemplate":"https:\/\/www.elpollitorestaurante.es\/?s={search_term_string}"},"query-input":{"@type":"PropertyValueSpecification","valueRequired":true,"valueName":"search_term_string"}}],"inLanguage":"es"}]}},"_links":{"self":[{"href":"https:\/\/www.elpollitorestaurante.es\/index.php\/wp-json\/wp\/v2\/pages\/43","targetHints":{"allow":["GET"]}}],"collection":[{"href":"https:\/\/www.elpollitorestaurante.es\/index.php\/wp-json\/wp\/v2\/pages"}],"about":[{"href":"https:\/\/www.elpollitorestaurante.es\/index.php\/wp-json\/wp\/v2\/types\/page"}],"author":[{"embeddable":true,"href":"https:\/\/www.elpollitorestaurante.es\/index.php\/wp-json\/wp\/v2\/users\/1"}],"replies":[{"embeddable":true,"href":"https:\/\/www.elpollitorestaurante.es\/index.php\/wp-json\/wp\/v2\/comments?post=43"}],"version-history":[{"count":0,"href":"https:\/\/www.elpollitorestaurante.es\/index.php\/wp-json\/wp\/v2\/pages\/43\/revisions"}],"wp:attachment":[{"href":"https:\/\/www.elpollitorestaurante.es\/index.php\/wp-json\/wp\/v2\/media?parent=43"}],"curies":[{"name":"wp","href":"https:\/\/api.w.org\/{rel}","templated":true}]}}